{"id":992,"date":"2018-05-25T08:47:32","date_gmt":"2018-05-25T06:47:32","guid":{"rendered":"http:\/\/xn--bltentrume-sdlohn-wqb46bla.de\/?page_id=992"},"modified":"2018-05-25T08:47:32","modified_gmt":"2018-05-25T06:47:32","slug":"datenschutz","status":"publish","type":"page","link":"http:\/\/xn--bltentrume-sdlohn-wqb46bla.de\/?page_id=992","title":{"rendered":"Datenschutz"},"content":{"rendered":"<div class=\"col\">\n<h1 class=\"aos-init aos-animate\" data-aos=\"fade-down\">Datenschutz\u00aderkl\u00e4rung<\/h1>\n<\/div>\n<div class=\"col medium-6\">\n<p class=\"h4 aos-init aos-animate\" data-aos=\"fade-right\"><strong>1. Datenschutz auf einen Blick<\/strong><\/p>\n<p class=\"h5 aos-init aos-animate\" data-aos=\"fade-right\"><strong>Allgemeine Hinweise<\/strong><\/p>\n<p class=\"aos-init aos-animate\" data-aos=\"fade-right\">Die folgenden Hinweise geben einen einfachen \u00dcberblick dar\u00fcber, was mit Ihren personenbezogenen Daten passiert, wenn Sie unsere Website besuchen. Personenbezogene Daten sind alle Daten, mit denen Sie pers\u00f6nlich identifiziert werden k\u00f6nnen. Ausf\u00fchrliche Informationen zum Thema Datenschutz entnehmen Sie unserer unter diesem Text aufgef\u00fchrten Datenschutzerkl\u00e4rung.<\/p>\n<p class=\"h5 aos-init aos-animate\" data-aos=\"fade-right\"><strong>Datenerfassung auf unserer Website<\/strong><\/p>\n<p class=\"h6 aos-init aos-animate\" data-aos=\"fade-right\">Wer ist verantwortlich f\u00fcr die Datenerfassung auf dieser Website?<\/p>\n<p class=\"aos-init aos-animate\" data-aos=\"fade-right\">Die Datenverarbeitung auf dieser Website erfolgt durch den Websitebetreiber. Dessen Kontaktdaten k\u00f6nnen Sie dem Impressum dieser Website entnehmen.<\/p>\n<p class=\"h6 aos-init aos-animate\" data-aos=\"fade-right\"><strong>Wie erfassen wir Ihre Daten?<\/strong><\/p>\n<p class=\"aos-init aos-animate\" data-aos=\"fade-right\">Ihre Daten werden zum einen dadurch erhoben, dass Sie uns diese mitteilen. Hierbei kann es sich z.B. um Daten handeln, die Sie in ein Kontaktformular eingeben. Andere Daten werden automatisch beim Besuch der Website durch unsere IT-Systeme erfasst. Das sind vor allem technische Daten (z.B. Internetbrowser, Betriebssystem oder Uhrzeit des Seitenaufrufs). Die Erfassung dieser Daten erfolgt automatisch, sobald Sie unsere Website betreten.<\/p>\n<p class=\"h6 aos-init aos-animate\" data-aos=\"fade-right\"><strong>Wof\u00fcr nutzen wir Ihre Daten?<\/strong><\/p>\n<p class=\"aos-init aos-animate\" data-aos=\"fade-right\">Ein Teil der Daten wird erhoben, um eine fehlerfreie Bereitstellung der Website zu gew\u00e4hrleisten. Andere Daten k\u00f6nnen zur Analyse Ihres Nutzerverhaltens verwendet werden.<\/p>\n<p class=\"h6 aos-init aos-animate\" data-aos=\"fade-right\"><strong>Welche Rechte haben Sie bez\u00fcglich Ihrer Daten?<\/strong><\/p>\n<p class=\"aos-init aos-animate\" data-aos=\"fade-right\">Sie haben jederzeit das Recht unentgeltlich Auskunft \u00fcber Herkunft, Empf\u00e4nger und Zweck Ihrer gespeicherten personenbezogenen Daten zu erhalten. Sie haben au\u00dferdem ein Recht, die Berichtigung, Sperrung oder L\u00f6schung dieser Daten zu verlangen. Hierzu sowie zu weiteren Fragen zum Thema Datenschutz k\u00f6nnen Sie sich jederzeit unter der im Impressum angegebenen Adresse an uns wenden. Des Weiteren steht Ihnen ein Beschwerderecht bei der zust\u00e4ndigen Aufsichtsbeh\u00f6rde zu.<\/p>\n<p class=\"h4 aos-init aos-animate\" data-aos=\"fade-right\"><strong>2. Allgemeine Hinweise und Pflichtinformationen<\/strong><\/p>\n<p class=\"h5 aos-init aos-animate\" data-aos=\"fade-right\"><strong>Datenschutz<\/strong><\/p>\n<p class=\"aos-init aos-animate\" data-aos=\"fade-right\">Die Betreiber dieser Seiten nehmen den Schutz Ihrer pers\u00f6nlichen Daten sehr ernst. Wir behandeln Ihre personenbezogenen Daten vertraulich und entsprechend der gesetzlichen Datenschutzvorschriften sowie dieser Datenschutzerkl\u00e4rung. Wenn Sie diese Website benutzen, werden verschiedene personenbezogene Daten erhoben. Personenbezogene Daten sind Daten, mit denen Sie pers\u00f6nlich identifiziert werden k\u00f6nnen. Die vorliegende Datenschutzerkl\u00e4rung erl\u00e4utert, welche Daten wir erheben und wof\u00fcr wir sie nutzen. Sie erl\u00e4utert auch, wie und zu welchem Zweck das geschieht. Wir weisen darauf hin, dass die Daten\u00fcbertragung im Internet (z.B. bei der Kommunikation per E-Mail) Sicherheitsl\u00fccken aufweisen kann. Ein l\u00fcckenloser Schutz der Daten vor dem Zugriff durch Dritte ist nicht m\u00f6glich.<\/p>\n<p class=\"h5 aos-init aos-animate\" data-aos=\"fade-right\"><strong>Beschwerderecht bei der zust\u00e4ndigen Aufsichtsbeh\u00f6rde<\/strong><\/p>\n<p class=\"aos-init aos-animate\" data-aos=\"fade-right\">Im Falle datenschutzrechtlicher Verst\u00f6\u00dfe steht dem Betroffenen ein Beschwerderecht bei der zust\u00e4ndigen Aufsichtsbeh\u00f6rde zu. Zust\u00e4ndige Aufsichtsbeh\u00f6rde in datenschutzrechtlichen Fragen ist der Landesdatenschutzbeauftragte des Bundeslandes, in dem unser Unternehmen seinen Sitz hat. Eine Liste der Datenschutzbeauftragten sowie deren Kontaktdaten k\u00f6nnen folgendem Link entnommen werden: <a title=\"Liste der Datenschutzbeauftragten\" href=\"https:\/\/www.bfdi.bund.de\/DE\/Infothek\/Anschriften_Links\/anschriften_links-node.html\" target=\"_blank\" rel=\"noopener\">https:\/\/www.bfdi.bund.de\/DE\/Infothek\/Anschriften_Links\/anschriften_links-node.html<\/a>.<\/p>\n<p class=\"h5 aos-init aos-animate\" data-aos=\"fade-right\"><strong>Recht auf Daten\u00fcbertragbarkeit<\/strong><\/p>\n<p class=\"aos-init aos-animate\" data-aos=\"fade-right\">Sie haben das Recht, Daten, die wir auf Grundlage Ihrer Einwilligung oder in Erf\u00fcllung eines Vertrags automatisiert verarbeiten, an sich oder an einen Dritten in einem g\u00e4ngigen, maschinenlesbaren Format aush\u00e4ndigen zu lassen. Sofern Sie die direkte \u00dcbertragung der Daten an einen anderen Verantwortlichen verlangen, erfolgt dies nur, soweit es technisch machbar ist.<\/p>\n<p class=\"h5 aos-init aos-animate\" data-aos=\"fade-right\"><strong>Auskunft, Sperrung, L\u00f6schung<\/strong><\/p>\n<p class=\"aos-init aos-animate\" data-aos=\"fade-right\">Sie haben im Rahmen der geltenden gesetzlichen Bestimmungen jederzeit das Recht auf unentgeltliche Auskunft \u00fcber Ihre gespeicherten personenbezogenen Daten, deren Herkunft und Empf\u00e4nger und den Zweck der Datenverarbeitung und ggf. ein Recht auf Berichtigung, Sperrung oder L\u00f6schung dieser Daten. Hierzu sowie zu weiteren Fragen zum Thema personenbezogene Daten k\u00f6nnen Sie sich jederzeit unter der im Impressum angegebenen Adresse an uns wenden.<\/p>\n<\/div>\n<div class=\"col medium-6\">\n<p class=\"h4 aos-init aos-animate\" data-aos=\"fade-left\"><strong>3. Datenerfassung auf unserer Website<\/strong><\/p>\n<p class=\"h5 aos-init aos-animate\" data-aos=\"fade-left\">Cookies<\/p>\n<p class=\"aos-init aos-animate\" data-aos=\"fade-left\">Die Internetseiten verwenden teilweise so genannte Cookies. Cookies richten auf Ihrem Rechner keinen Schaden an und enthalten keine Viren. Cookies dienen dazu, unser Angebot nutzerfreundlicher, effektiver und sicherer zu machen. Cookies sind kleine Textdateien, die auf Ihrem Rechner abgelegt werden und die Ihr Browser speichert. Die meisten der von uns verwendeten Cookies sind so genannte \u201cSession-Cookies\u201d. Sie werden nach Ende Ihres Besuchs automatisch gel\u00f6scht. Andere Cookies bleiben auf Ihrem Endger\u00e4t gespeichert bis Sie diese l\u00f6schen. Diese Cookies erm\u00f6glichen es uns, Ihren Browser beim n\u00e4chsten Besuch wiederzuerkennen. Sie k\u00f6nnen Ihren Browser so einstellen, dass Sie \u00fcber das Setzen von Cookies informiert werden und Cookies nur im Einzelfall erlauben, die Annahme von Cookies f\u00fcr bestimmte F\u00e4lle oder generell ausschlie\u00dfen sowie das automatische L\u00f6schen der Cookies beim Schlie\u00dfen des Browser aktivieren. Bei der Deaktivierung von Cookies kann die Funktionalit\u00e4t dieser Website eingeschr\u00e4nkt sein.<\/p>\n<p class=\"aos-init aos-animate\" data-aos=\"fade-left\">Cookies, die zur Durchf\u00fchrung des elektronischen Kommunikationsvorgangs oder zur Bereitstellung bestimmter, von Ihnen erw\u00fcnschter Funktionen (z.B. Warenkorbfunktion) erforderlich sind, werden auf Grundlage von Art. 6 Abs. 1 lit. f DSGVO gespeichert. Der Websitebetreiber hat ein berechtigtes Interesse an der Speicherung von Cookies zur technisch fehlerfreien und optimierten Bereitstellung seiner Dienste. Soweit andere Cookies (z.B. Cookies zur Analyse Ihres Surfverhaltens) gespeichert werden, werden diese in dieser Datenschutzerkl\u00e4rung gesondert behandelt.<\/p>\n<p class=\"h5 aos-init aos-animate\" data-aos=\"fade-left\"><strong>Server-Log-Dateien<\/strong><\/p>\n<p class=\"aos-init aos-animate\" data-aos=\"fade-left\">Der Provider der Seiten erhebt und speichert automatisch Informationen in so genannten Server-Log-Dateien, die Ihr Browser automatisch an uns \u00fcbermittelt. Dies sind:<\/p>\n<ul>\n<li class=\"aos-init aos-animate\" data-aos=\"fade-left\">Browsertyp und Browserversion<\/li>\n<li class=\"aos-init aos-animate\" data-aos=\"fade-left\">verwendetes Betriebssystem<\/li>\n<li class=\"aos-init aos-animate\" data-aos=\"fade-left\">Referrer URL<\/li>\n<li class=\"aos-init aos-animate\" data-aos=\"fade-left\">Hostname des zugreifenden Rechners<\/li>\n<li class=\"aos-init aos-animate\" data-aos=\"fade-left\">Uhrzeit der Serveranfrage<\/li>\n<li class=\"aos-init aos-animate\" data-aos=\"fade-left\">IP-Adresse<\/li>\n<\/ul>\n<p class=\"aos-init aos-animate\" data-aos=\"fade-left\">Eine Zusammenf\u00fchrung dieser Daten mit anderen Datenquellen wird nicht vorgenommen. Grundlage f\u00fcr die Datenverarbeitung ist Art. 6 Abs. 1 lit. b DSGVO, der die Verarbeitung von Daten zur Erf\u00fcllung eines Vertrags oder vorvertraglicher Ma\u00dfnahmen gestattet.<\/p>\n<p class=\"h4 aos-init aos-animate\" data-aos=\"fade-left\"><strong>4. Plugins und Tools<\/strong><\/p>\n<p class=\"h5 aos-init aos-animate\" data-aos=\"fade-left\"><strong>Google Web Fonts<\/strong><\/p>\n<p class=\"aos-init aos-animate\" data-aos=\"fade-left\">Diese Seite nutzt zur einheitlichen Darstellung von Schriftarten so genannte Web Fonts, die von Google bereitgestellt werden. Beim Aufruf einer Seite l\u00e4dt Ihr Browser die ben\u00f6tigten Web Fonts in ihren Browsercache, um Texte und Schriftarten korrekt anzuzeigen. Zu diesem Zweck muss der von Ihnen verwendete Browser Verbindung zu den Servern von Google aufnehmen. Hierdurch erlangt Google Kenntnis dar\u00fcber, dass \u00fcber Ihre IP-Adresse unsere Website aufgerufen wurde. Die Nutzung von Google Web Fonts erfolgt im Interesse einer einheitlichen und ansprechenden Darstellung unserer Online-Angebote. Dies stellt ein berechtigtes Interesse im Sinne von Art. 6 Abs. 1 lit. f DSGVO dar.<\/p>\n<p class=\"aos-init aos-animate\" data-aos=\"fade-left\">Wenn Ihr Browser Web Fonts nicht unterst\u00fctzt, wird eine Standardschrift von Ihrem Computer genutzt.<\/p>\n<p class=\"aos-init aos-animate\" data-aos=\"fade-left\">Weitere Informationen zu Google Web Fonts finden Sie unter <a title=\"Zu den Google Developers FAQ\" href=\"https:\/\/developers.google.com\/fonts\/faq\" target=\"_blank\" rel=\"noopener\">https:\/\/developers.google.com\/fonts\/faq<\/a> und in der Datenschutzerkl\u00e4rung von Google: <a title=\"Zur Datenschutzerkl\u00e4rung von Google\" href=\"https:\/\/www.google.com\/policies\/privacy\/\" target=\"_blank\" rel=\"noopener\">https:\/\/www.google.com\/policies\/privacy\/<\/a>.<\/p>\n<\/div>\n","protected":false},"excerpt":{"rendered":"<p>Datenschutz\u00aderkl\u00e4rung 1. Datenschutz auf einen Blick Allgemeine Hinweise Die folgenden Hinweise geben einen einfachen \u00dcberblick dar\u00fcber, was mit Ihren personenbezogenen Daten passiert, wenn Sie unsere Website besuchen. Personenbezogene Daten sind alle Daten, mit denen Sie pers\u00f6nlich identifiziert werden k\u00f6nnen. Ausf\u00fchrliche Informationen zum Thema Datenschutz entnehmen Sie unserer unter diesem Text aufgef\u00fchrten Datenschutzerkl\u00e4rung. Datenerfassung auf unserer [&hellip;]<\/p>\n","protected":false},"author":1,"featured_media":0,"parent":0,"menu_order":0,"comment_status":"closed","ping_status":"closed","template":"","meta":[],"_links":{"self":[{"href":"http:\/\/xn--bltentrume-sdlohn-wqb46bla.de\/index.php?rest_route=\/wp\/v2\/pages\/992"}],"collection":[{"href":"http:\/\/xn--bltentrume-sdlohn-wqb46bla.de\/index.php?rest_route=\/wp\/v2\/pages"}],"about":[{"href":"http:\/\/xn--bltentrume-sdlohn-wqb46bla.de\/index.php?rest_route=\/wp\/v2\/types\/page"}],"author":[{"embeddable":true,"href":"http:\/\/xn--bltentrume-sdlohn-wqb46bla.de\/index.php?rest_route=\/wp\/v2\/users\/1"}],"replies":[{"embeddable":true,"href":"http:\/\/xn--bltentrume-sdlohn-wqb46bla.de\/index.php?rest_route=%2Fwp%2Fv2%2Fcomments&post=992"}],"version-history":[{"count":2,"href":"http:\/\/xn--bltentrume-sdlohn-wqb46bla.de\/index.php?rest_route=\/wp\/v2\/pages\/992\/revisions"}],"predecessor-version":[{"id":994,"href":"http:\/\/xn--bltentrume-sdlohn-wqb46bla.de\/index.php?rest_route=\/wp\/v2\/pages\/992\/revisions\/994"}],"wp:attachment":[{"href":"http:\/\/xn--bltentrume-sdlohn-wqb46bla.de\/index.php?rest_route=%2Fwp%2Fv2%2Fmedia&parent=992"}],"curies":[{"name":"wp","href":"https:\/\/api.w.org\/{rel}","templated":true}]}}