{"id":59,"date":"2015-11-17T16:04:29","date_gmt":"2015-11-17T15:04:29","guid":{"rendered":"http:\/\/xn--bltentrume-sdlohn-wqb46bla.de\/neu2015\/?page_id=59"},"modified":"2018-06-09T15:41:41","modified_gmt":"2018-06-09T13:41:41","slug":"impressum","status":"publish","type":"page","link":"http:\/\/xn--bltentrume-sdlohn-wqb46bla.de\/?page_id=59","title":{"rendered":"Impressum"},"content":{"rendered":"<div id=\"after_full_slider_0\" class=\"main_color container_wrap fullsize\">\n<div class=\"container\">\n<div class=\"template-page content twelve alpha units\">\n<div class=\"post-entry post-entry-type-page post-entry-503\">\n<div class=\"entry-content-wrapper clearfix\">\n<div class=\"flex_column av_one_full first avia-builder-el-1 el_after_av_slideshow_accordion avia-builder-el-no-sibling \">\n<section class=\"av_textblock_section\">\n<div class=\"avia_textblock \">\n<h2><span class=\"normal\">Impressum<\/span><\/h2>\n<p><span class=\"normal\">Domainbetreiber<br \/>\nDomain: bl\u00fctentr\u00e4ume-s\u00fcdlohn.de <\/span><\/p>\n<div class=\"textwidget\">\n<p>Bl\u00fctentr\u00e4ume<br \/>\nAnne Rexing<br \/>\nInh. T. Rexing<br \/>\nElpidiusstra\u00dfe 37<br \/>\n46354 S\u00fcdlohn<br \/>\nTel. 0152 &#8211; 51875633<\/p>\n<p>E-Mail: Bluetentraeume-annerexing@web.de<\/p>\n<\/div>\n<p class=\"normal\">Juristische Angaben<br \/>\nRechtsform: Einzelunternehmung<\/p>\n<p class=\"normal\">Steuernummer:<br \/>\nUSt-IdNr.: DE 291290325<\/p>\n<p class=\"normal\">Haftungsausschluss<br \/>\nWir erarbeiten die bereitgestellten Informationen nach bestem Wissen und Gewissen. Wir bem\u00fchen uns selbstverst\u00e4ndlich um st\u00e4ndige Verf\u00fcgbarkeit unseres Servers. Alle Anspr\u00fcche, die aus Irrt\u00fcmern, Fehlern oder Nichtverf\u00fcgbarkeit der von uns gegebenen Informationen resultieren, weisen wir jedoch ausdr\u00fccklich zur\u00fcck.<\/p>\n<p class=\"normal\">Distanzierung<br \/>\nWir verweisen von unseren Seiten auf Informationen, die von Dritten erarbeitet und bereitgestellt werden. Auf die Zul\u00e4ssigkeit und Richtigkeit solcher Inhalte und weitere Verweise (Links) haben wir keinen Einfluss, k\u00f6nnen aber unter Umst\u00e4nden daf\u00fcr haftbar gemacht werden. Da wir das nicht wollen, distanzieren wir uns hiermit ausdr\u00fccklich von solchen Inhalten und Verweisen (Links).<\/p>\n<p class=\"normal\">Urheberrecht<\/p>\n<p class=\"normal\">Die durch die Seitenbetreiber erstellten Inhalte und Werke auf diesen Seiten unterliegen dem deutschen Urheberrecht. Die Vervielf\u00e4ltigung, Bearbeitung, Verbreitung und jede Art der Verwertung au\u00dferhalb der Grenzen des Urheberrechtes bed\u00fcrfen der schriftlichen Zustimmung des jeweiligen Autors bzw. Erstellers.<br \/>\nDownloads und Kopien dieser Seite sind nicht gestattet.<br \/>\nSoweit die Inhalte auf dieser Seite nicht vom Betreiber erstellt wurden, werden die Urheberrechte Dritter beachtet. Insbesondere werden Inhalte Dritter als solche gekennzeichnet. Sollten Sie trotzdem auf eine Urheberrechtsverletzung aufmerksam werden, bitten wir um einen entsprechenden Hinweis.<br \/>\nBei Bekanntwerden von Rechtsverletzungen werden wir derartige Inhalte umgehend entfernen.<\/p>\n<\/div>\n<p>&nbsp;<\/p>\n<\/section>\n<\/div>\n<\/div>\n<\/div>\n<\/div>\n<\/div>\n<\/div>\n","protected":false},"excerpt":{"rendered":"<p>Impressum Domainbetreiber Domain: bl\u00fctentr\u00e4ume-s\u00fcdlohn.de Bl\u00fctentr\u00e4ume Anne Rexing Inh. T. Rexing Elpidiusstra\u00dfe 37 46354 S\u00fcdlohn Tel. 0152 &#8211; 51875633 E-Mail: Bluetentraeume-annerexing@web.de Juristische Angaben Rechtsform: Einzelunternehmung Steuernummer: USt-IdNr.: DE 291290325 Haftungsausschluss Wir erarbeiten die bereitgestellten Informationen nach bestem Wissen und Gewissen. Wir bem\u00fchen uns selbstverst\u00e4ndlich um st\u00e4ndige Verf\u00fcgbarkeit unseres Servers. Alle Anspr\u00fcche, die aus Irrt\u00fcmern, Fehlern oder [&hellip;]<\/p>\n","protected":false},"author":1,"featured_media":0,"parent":0,"menu_order":0,"comment_status":"closed","ping_status":"closed","template":"","meta":[],"_links":{"self":[{"href":"http:\/\/xn--bltentrume-sdlohn-wqb46bla.de\/index.php?rest_route=\/wp\/v2\/pages\/59"}],"collection":[{"href":"http:\/\/xn--bltentrume-sdlohn-wqb46bla.de\/index.php?rest_route=\/wp\/v2\/pages"}],"about":[{"href":"http:\/\/xn--bltentrume-sdlohn-wqb46bla.de\/index.php?rest_route=\/wp\/v2\/types\/page"}],"author":[{"embeddable":true,"href":"http:\/\/xn--bltentrume-sdlohn-wqb46bla.de\/index.php?rest_route=\/wp\/v2\/users\/1"}],"replies":[{"embeddable":true,"href":"http:\/\/xn--bltentrume-sdlohn-wqb46bla.de\/index.php?rest_route=%2Fwp%2Fv2%2Fcomments&post=59"}],"version-history":[{"count":7,"href":"http:\/\/xn--bltentrume-sdlohn-wqb46bla.de\/index.php?rest_route=\/wp\/v2\/pages\/59\/revisions"}],"predecessor-version":[{"id":997,"href":"http:\/\/xn--bltentrume-sdlohn-wqb46bla.de\/index.php?rest_route=\/wp\/v2\/pages\/59\/revisions\/997"}],"wp:attachment":[{"href":"http:\/\/xn--bltentrume-sdlohn-wqb46bla.de\/index.php?rest_route=%2Fwp%2Fv2%2Fmedia&parent=59"}],"curies":[{"name":"wp","href":"https:\/\/api.w.org\/{rel}","templated":true}]}}